{"id":657,"date":"2022-09-30T10:05:29","date_gmt":"2022-09-30T10:05:29","guid":{"rendered":"http:\/\/rudason.com\/wp\/?page_id=657"},"modified":"2023-03-22T10:43:15","modified_gmt":"2023-03-22T10:43:15","slug":"conocenos","status":"publish","type":"page","link":"http:\/\/rudason.com\/wp\/?page_id=657","title":{"rendered":"CON\u00d3CENOS"},"content":{"rendered":"<div>\n<p><span style=\"color: #ff9900;\">Somos una empresa fundada en 2014 especializada en el sector del sonido e iluminaci\u00f3n profesional.\u00a0<\/span><\/p>\n<p><span style=\"color: #ff9900;\">Buscamos brindar a nuestros clientes un servicio de calidad.<\/span><\/p>\n<p><span style=\"color: #ff9900;\"> Contamos con un equipo humano en continua formaci\u00f3n, preparado para los eventos m\u00e1s exigentes.<\/span><\/p>\n<p><span style=\"color: #ff9900;\">En Rudason\u00a0 aportamos soluciones integrales, desde el alquiler de material, instalaci\u00f3n y servicio t\u00e9cnico a la producci\u00f3n t\u00e9cnica de todo tipo de eventos. Nuestro compromiso consiste en aportar los mejores medios t\u00e9cnicos, un cualificado equipo humano y la experiencia acumulada para conseguir el mejor resultado en cada proyecto.<\/span><\/p>\n<p><span style=\"color: #ff9900;\">Trabajando con material de alta calidad, cuidando hasta el m\u00e1s m\u00ednimo detalle nos permite estar a la altura de todos los\u00a0trabajos.<\/span><\/p>\n<\/div>\n<div>\n<div>\n<p>&nbsp;<\/p>\n<div style=\"width: 840px;\" class=\"wp-video\"><!--[if lt IE 9]><script>document.createElement('video');<\/script><![endif]-->\n<video class=\"wp-video-shortcode\" id=\"video-657-1\" width=\"840\" height=\"473\" autoplay=\"1\" preload=\"metadata\" controls=\"controls\"><source type=\"video\/mp4\" src=\"http:\/\/rudason.com\/wp\/wp-content\/uploads\/2022\/05\/RUDASON-1.mp4?_=1\" \/><a href=\"http:\/\/rudason.com\/wp\/wp-content\/uploads\/2022\/05\/RUDASON-1.mp4\">http:\/\/rudason.com\/wp\/wp-content\/uploads\/2022\/05\/RUDASON-1.mp4<\/a><\/video><\/div>\n<\/div>\n<\/div>\n","protected":false},"excerpt":{"rendered":"<p>Somos una empresa fundada en 2014 especializada en el sector del sonido e iluminaci\u00f3n profesional.\u00a0 Buscamos brindar a nuestros clientes un servicio de calidad. Contamos con un equipo humano en continua formaci\u00f3n, preparado para los eventos m\u00e1s exigentes. En Rudason\u00a0 aportamos soluciones integrales, desde el <span class=\"read-more\"><a class=\"more-link btn btn-transparent\" href=\"http:\/\/rudason.com\/wp\/?page_id=657\"><\/a><\/span><\/p>\n","protected":false},"author":1,"featured_media":0,"parent":0,"menu_order":0,"comment_status":"closed","ping_status":"closed","template":"","meta":{"footnotes":""},"_links":{"self":[{"href":"http:\/\/rudason.com\/wp\/index.php?rest_route=\/wp\/v2\/pages\/657"}],"collection":[{"href":"http:\/\/rudason.com\/wp\/index.php?rest_route=\/wp\/v2\/pages"}],"about":[{"href":"http:\/\/rudason.com\/wp\/index.php?rest_route=\/wp\/v2\/types\/page"}],"author":[{"embeddable":true,"href":"http:\/\/rudason.com\/wp\/index.php?rest_route=\/wp\/v2\/users\/1"}],"replies":[{"embeddable":true,"href":"http:\/\/rudason.com\/wp\/index.php?rest_route=%2Fwp%2Fv2%2Fcomments&post=657"}],"version-history":[{"count":22,"href":"http:\/\/rudason.com\/wp\/index.php?rest_route=\/wp\/v2\/pages\/657\/revisions"}],"predecessor-version":[{"id":764,"href":"http:\/\/rudason.com\/wp\/index.php?rest_route=\/wp\/v2\/pages\/657\/revisions\/764"}],"wp:attachment":[{"href":"http:\/\/rudason.com\/wp\/index.php?rest_route=%2Fwp%2Fv2%2Fmedia&parent=657"}],"curies":[{"name":"wp","href":"https:\/\/api.w.org\/{rel}","templated":true}]}}